{"id":6815,"date":"2025-02-24T15:09:46","date_gmt":"2025-02-24T12:09:46","guid":{"rendered":"https:\/\/aesthedental.com\/profil-des-arztes\/"},"modified":"2025-05-19T16:56:32","modified_gmt":"2025-05-19T13:56:32","slug":"profil-des-arztes","status":"publish","type":"page","link":"https:\/\/aesthedental.com\/de\/profil-des-arztes\/","title":{"rendered":"Profil des Arztes"},"content":{"rendered":"\t\t<div data-elementor-type=\"wp-page\" data-elementor-id=\"6815\" class=\"elementor elementor-6815 elementor-5325\" data-elementor-post-type=\"page\">\n\t\t\t\t<div class=\"elementor-element elementor-element-46397e3 e-flex e-con-boxed e-con e-parent\" data-id=\"46397e3\" data-element_type=\"container\">\n\t\t\t\t\t<div class=\"e-con-inner\">\n\t\t<div class=\"elementor-element elementor-element-b483cbd e-con-full e-flex e-con e-child\" data-id=\"b483cbd\" data-element_type=\"container\">\n\t\t\t\t<div class=\"elementor-element elementor-element-e02f39c elementor-widget elementor-widget-pix-img\" data-id=\"e02f39c\" data-element_type=\"widget\" data-widget_type=\"pix-img.default\">\n\t\t\t\t<div class=\"elementor-widget-container\">\n\t\t\t\t\t<div id=\"el-e02f39c\" class=\"pix-img-element d-inline-block \" ><div class=\"pix-img-el     text-left d-inline-block  w-100 rounded-lg\"  ><img fetchpriority=\"high\" decoding=\"async\" width=\"1146\" height=\"1146\" src=\"https:\/\/aesthedental.com\/wp-content\/uploads\/2025\/02\/dogansahin.jpg\" class=\"pix-img-elem rounded-lg\" alt=\"Image link\" srcset=\"https:\/\/aesthedental.com\/wp-content\/uploads\/2025\/02\/dogansahin.jpg 1146w, https:\/\/aesthedental.com\/wp-content\/uploads\/2025\/02\/dogansahin-300x300.jpg 300w, https:\/\/aesthedental.com\/wp-content\/uploads\/2025\/02\/dogansahin-1024x1024.jpg 1024w, https:\/\/aesthedental.com\/wp-content\/uploads\/2025\/02\/dogansahin-150x150.jpg 150w, https:\/\/aesthedental.com\/wp-content\/uploads\/2025\/02\/dogansahin-768x768.jpg 768w, https:\/\/aesthedental.com\/wp-content\/uploads\/2025\/02\/dogansahin-400x400.jpg 400w, https:\/\/aesthedental.com\/wp-content\/uploads\/2025\/02\/dogansahin-75x75.jpg 75w, https:\/\/aesthedental.com\/wp-content\/uploads\/2025\/02\/dogansahin-460x460.jpg 460w\" sizes=\"(max-width: 1146px) 100vw, 1146px\" \/><\/div><\/div>\t\t\t\t<\/div>\n\t\t\t\t<\/div>\n\t\t\t\t<\/div>\n\t\t<div class=\"elementor-element elementor-element-e7f08a3 e-con-full e-flex e-con e-child\" data-id=\"e7f08a3\" data-element_type=\"container\">\n\t\t\t\t<div class=\"elementor-element elementor-element-ddf569f elementor-widget elementor-widget-pix-heading\" data-id=\"ddf569f\" data-element_type=\"widget\" data-widget_type=\"pix-heading.default\">\n\t\t\t\t<div class=\"elementor-widget-container\">\n\t\t\t\t\t<div  class=\"pix-heading-el text-center \"><h2 class=\"h2 heading-text el-title_custom_color mb-12\" style=\"\" data-anim-type=\"\" data-anim-delay=\"\">Do\u011fan \u015eahin<\/h2><\/div>\t\t\t\t<\/div>\n\t\t\t\t<\/div>\n\t\t\t\t<div class=\"elementor-element elementor-element-6f4613c elementor-widget elementor-widget-pix-text\" data-id=\"6f4613c\" data-element_type=\"widget\" data-widget_type=\"pix-text.default\">\n\t\t\t\t<div class=\"elementor-widget-container\">\n\t\t\t\t\t<div class=\"pix-el-text w-100 text-left \" ><p class=\"resp-option text-left \"><p>Dr. Do\u011fan Sahin und AestheDental sind mehr als nur Zahn\u00e4rzte; sie sind ein wesentlicher Teil unserer Familie. Ihre unersch\u00fctterliche Unterst\u00fctzung und ihr Fachwissen haben uns durch zahllose Momente gef\u00fchrt und uns immer eine au\u00dfergew\u00f6hnliche Betreuung geboten, wenn wir sie am meisten brauchten. Mit ihrer aufrichtigen Sorge und Zuverl\u00e4ssigkeit f\u00fchlt sich jeder Besuch wie ein beruhigendes Wiedersehen an, denn das L\u00e4cheln unserer Familie hat f\u00fcr sie oberste Priorit\u00e4t.  <\/p><\/p><\/div>\t\t\t\t<\/div>\n\t\t\t\t<\/div>\n\t\t\t\t<\/div>\n\t\t\t\t\t<\/div>\n\t\t\t\t<\/div>\n\t\t<div class=\"elementor-element elementor-element-3a22f4e e-flex e-con-boxed e-con e-parent\" data-id=\"3a22f4e\" data-element_type=\"container\" data-settings=\"{&quot;background_background&quot;:&quot;classic&quot;}\">\n\t\t\t\t\t<div class=\"e-con-inner\">\n\t\t<div class=\"elementor-element elementor-element-f3fd6fa e-con-full e-flex e-con e-child\" data-id=\"f3fd6fa\" data-element_type=\"container\">\n\t\t\t\t<div class=\"elementor-element elementor-element-db95672 elementor-widget elementor-widget-pix-text\" data-id=\"db95672\" data-element_type=\"widget\" data-widget_type=\"pix-text.default\">\n\t\t\t\t<div class=\"elementor-widget-container\">\n\t\t\t\t\t<div class=\"pix-el-text w-100 text-left \" ><p class=\"resp-option text-left \"><p>Lernen Sie Dr. Do\u011fan Sahin kennen, einen zahnmedizinischen Virtuosen, dessen Engagement f\u00fcr die Verwandlung des L\u00e4chelns \u00fcber das Fachwissen hinausgeht &#8211; es ist eine aufrichtige Leidenschaft, die ihn durch eine Reise von \u00fcber 10.000 erfolgreichen Implantatoperationen angetrieben hat. Seine Geschichte begann mit dem Glauben an die gro\u00dfe Bedeutung, die ein L\u00e4cheln im Leben eines Menschen hat. Diese \u00dcberzeugung pr\u00e4gte sein Engagement f\u00fcr die Beherrschung der zahnmedizinischen Kunst und Wissenschaft und verschaffte ihm nicht nur Anerkennung, sondern auch das unersch\u00fctterliche Vertrauen seiner Patienten.  <\/p><\/p><\/div>\t\t\t\t<\/div>\n\t\t\t\t<\/div>\n\t\t\t\t<\/div>\n\t\t<div class=\"elementor-element elementor-element-fb9255e e-con-full e-flex e-con e-child\" data-id=\"fb9255e\" data-element_type=\"container\">\n\t\t\t\t<div class=\"elementor-element elementor-element-dd35003 elementor-widget elementor-widget-pix-img\" data-id=\"dd35003\" data-element_type=\"widget\" data-widget_type=\"pix-img.default\">\n\t\t\t\t<div class=\"elementor-widget-container\">\n\t\t\t\t\t<div id=\"el-dd35003\" class=\"pix-img-element d-inline-block \" ><div class=\"pix-img-el     text-left d-inline-block  w-100 rounded-lg\"  ><img decoding=\"async\" width=\"2560\" height=\"1707\" src=\"https:\/\/aesthedental.com\/wp-content\/uploads\/2025\/02\/6-1-scaled.jpg\" class=\"pix-img-elem rounded-lg\" alt=\"Image link\" srcset=\"https:\/\/aesthedental.com\/wp-content\/uploads\/2025\/02\/6-1-scaled.jpg 2560w, https:\/\/aesthedental.com\/wp-content\/uploads\/2025\/02\/6-1-300x200.jpg 300w, https:\/\/aesthedental.com\/wp-content\/uploads\/2025\/02\/6-1-1024x683.jpg 1024w, https:\/\/aesthedental.com\/wp-content\/uploads\/2025\/02\/6-1-768x512.jpg 768w, https:\/\/aesthedental.com\/wp-content\/uploads\/2025\/02\/6-1-1536x1024.jpg 1536w, https:\/\/aesthedental.com\/wp-content\/uploads\/2025\/02\/6-1-2048x1365.jpg 2048w\" sizes=\"(max-width: 2560px) 100vw, 2560px\" \/><\/div><\/div>\t\t\t\t<\/div>\n\t\t\t\t<\/div>\n\t\t\t\t<\/div>\n\t\t\t\t\t<\/div>\n\t\t\t\t<\/div>\n\t\t<div class=\"elementor-element elementor-element-2a5a31f e-flex e-con-boxed e-con e-parent\" data-id=\"2a5a31f\" data-element_type=\"container\" data-settings=\"{&quot;background_background&quot;:&quot;classic&quot;}\">\n\t\t\t\t\t<div class=\"e-con-inner\">\n\t\t<div class=\"elementor-element elementor-element-f026539 e-con-full e-flex e-con e-child\" data-id=\"f026539\" data-element_type=\"container\">\n\t\t\t\t<div class=\"elementor-element elementor-element-063d3ca elementor-widget elementor-widget-jkit_feature_list\" data-id=\"063d3ca\" data-element_type=\"widget\" data-widget_type=\"jkit_feature_list.default\">\n\t\t\t\t<div class=\"elementor-widget-container\">\n\t\t\t\t\t<div  class=\"jeg-elementor-kit jkit-feature-list icon-position-left icon-position-left icon-position-left jeg_module___69dfd31ac836f\" ><ul class=\"feature-list-items shape-circle shape-view-stacked \"><li class=\"feature-list-item elementor-repeater-item-a2d70a9\">\n\t\t\t\t\n\t\t\t\t<div class=\"feature-list-icon-box\">\n\t\t\t\t\t<div class=\"feature-list-icon-inner\">\n\t\t\t\t\t\t<span class=\"feature-list-icon\">\n\t\t\t\t\t\t\t<i aria-hidden=\"true\" class=\"icon icon-phone-handset\"><\/i>\n\t\t\t\t\t\t<\/span>\n\t\t\t\t\t<\/div>\n\t\t\t\t<\/div>\n\t\t\t\t<div class=\"feature-list-content-box\">\n\t\t\t\t\t<h3 class=\"feature-list-title\">Call Us<\/h3><p class=\"feature-list-content\">+90 541 119 94 48<\/p>\n\t\t\t\t<\/div>\n\t\t\t<\/li><li class=\"feature-list-item elementor-repeater-item-ac2044f\">\n\t\t\t\t\n\t\t\t\t<div class=\"feature-list-icon-box\">\n\t\t\t\t\t<div class=\"feature-list-icon-inner\">\n\t\t\t\t\t\t<span class=\"feature-list-icon\">\n\t\t\t\t\t\t\t<i aria-hidden=\"true\" class=\"icon icon-phone-handset\"><\/i>\n\t\t\t\t\t\t<\/span>\n\t\t\t\t\t<\/div>\n\t\t\t\t<\/div>\n\t\t\t\t<div class=\"feature-list-content-box\">\n\t\t\t\t\t<h3 class=\"feature-list-title\">Call Us<\/h3><p class=\"feature-list-content\">+90 544 230 16 48<\/p>\n\t\t\t\t<\/div>\n\t\t\t<\/li><\/ul><\/div>\t\t\t\t<\/div>\n\t\t\t\t<\/div>\n\t\t\t\t<div class=\"elementor-element elementor-element-16db200 elementor-widget-divider--view-line elementor-widget elementor-widget-divider\" data-id=\"16db200\" data-element_type=\"widget\" data-widget_type=\"divider.default\">\n\t\t\t\t<div class=\"elementor-widget-container\">\n\t\t\t\t\t\t\t<div class=\"elementor-divider\">\n\t\t\t<span class=\"elementor-divider-separator\">\n\t\t\t\t\t\t<\/span>\n\t\t<\/div>\n\t\t\t\t\t\t<\/div>\n\t\t\t\t<\/div>\n\t\t\t\t<div class=\"elementor-element elementor-element-f91f0df elementor-widget elementor-widget-jkit_feature_list\" data-id=\"f91f0df\" data-element_type=\"widget\" data-widget_type=\"jkit_feature_list.default\">\n\t\t\t\t<div class=\"elementor-widget-container\">\n\t\t\t\t\t<div  class=\"jeg-elementor-kit jkit-feature-list icon-position-left icon-position-left icon-position-left jeg_module__1_69dfd31ac917c\" ><ul class=\"feature-list-items shape-circle shape-view-stacked \"><li class=\"feature-list-item elementor-repeater-item-a2d70a9\">\n\t\t\t\t\n\t\t\t\t<div class=\"feature-list-icon-box\">\n\t\t\t\t\t<div class=\"feature-list-icon-inner\">\n\t\t\t\t\t\t<span class=\"feature-list-icon\">\n\t\t\t\t\t\t\t<i aria-hidden=\"true\" class=\"icon icon-phone-handset\"><\/i>\n\t\t\t\t\t\t<\/span>\n\t\t\t\t\t<\/div>\n\t\t\t\t<\/div>\n\t\t\t\t<div class=\"feature-list-content-box\">\n\t\t\t\t\t<h3 class=\"feature-list-title\">Email Us<\/h3><p class=\"feature-list-content\">info@aesthedental.com<\/p>\n\t\t\t\t<\/div>\n\t\t\t<\/li><li class=\"feature-list-item elementor-repeater-item-ac2044f\">\n\t\t\t\t\n\t\t\t\t<div class=\"feature-list-icon-box\">\n\t\t\t\t\t<div class=\"feature-list-icon-inner\">\n\t\t\t\t\t\t<span class=\"feature-list-icon\">\n\t\t\t\t\t\t\t<i aria-hidden=\"true\" class=\"icon icon-phone-handset\"><\/i>\n\t\t\t\t\t\t<\/span>\n\t\t\t\t\t<\/div>\n\t\t\t\t<\/div>\n\t\t\t\t<div class=\"feature-list-content-box\">\n\t\t\t\t\t<h3 class=\"feature-list-title\">Email Us<\/h3><p class=\"feature-list-content\">info@aesthedental.com<\/p>\n\t\t\t\t<\/div>\n\t\t\t<\/li><\/ul><\/div>\t\t\t\t<\/div>\n\t\t\t\t<\/div>\n\t\t\t\t<\/div>\n\t\t<div class=\"elementor-element elementor-element-2ef6e3c e-con-full e-flex e-con e-child\" data-id=\"2ef6e3c\" data-element_type=\"container\">\n\t\t\t\t<div class=\"elementor-element elementor-element-789a8aa elementor-widget elementor-widget-pix-text\" data-id=\"789a8aa\" data-element_type=\"widget\" data-widget_type=\"pix-text.default\">\n\t\t\t\t<div class=\"elementor-widget-container\">\n\t\t\t\t\t<div class=\"pix-el-text w-100 text-left \" ><p class=\"resp-option text-left \"><p>Mit seiner jahrelangen Karriere und seinem unerm\u00fcdlichen Streben nach Exzellenz ist Dr. Sahins Expertise zu einem Leuchtfeuer der Hoffnung f\u00fcr alle geworden, die nach Ver\u00e4nderung suchen. Seine Reise, die von zahllosen Erfolgsgeschichten und strahlendem L\u00e4cheln gepr\u00e4gt ist, steht als Zeugnis f\u00fcr sein unersch\u00fctterliches Engagement f\u00fcr sein Handwerk. <\/p><p>Was Dr. Sahin von anderen abhebt, sind nicht nur seine beeindruckenden Zahlen oder Auszeichnungen, sondern vor allem seine aufrichtige Beziehung zu seinen Patienten. Er nimmt sich die Zeit, ihnen zuzuh\u00f6ren, ihre W\u00fcnsche zu verstehen und ihre \u00c4ngste zu zerstreuen, um ihnen ein pers\u00f6nliches und angenehmes Erlebnis auf ihrem Weg zum L\u00e4cheln zu bieten. <\/p><\/p><\/div>\t\t\t\t<\/div>\n\t\t\t\t<\/div>\n\t\t\t\t<\/div>\n\t\t\t\t\t<\/div>\n\t\t\t\t<\/div>\n\t\t<div class=\"elementor-element elementor-element-b70bb3c e-flex e-con-boxed e-con e-parent\" data-id=\"b70bb3c\" data-element_type=\"container\" data-settings=\"{&quot;background_background&quot;:&quot;classic&quot;}\">\n\t\t\t\t\t<div class=\"e-con-inner\">\n\t\t<div class=\"elementor-element elementor-element-02d5c29 e-con-full e-flex e-con e-child\" data-id=\"02d5c29\" data-element_type=\"container\">\n\t\t\t\t<div class=\"elementor-element elementor-element-63610df elementor-widget elementor-widget-pix-text\" data-id=\"63610df\" data-element_type=\"widget\" data-widget_type=\"pix-text.default\">\n\t\t\t\t<div class=\"elementor-widget-container\">\n\t\t\t\t\t<div class=\"pix-el-text w-100 text-left \" ><p class=\"resp-option text-left \"><p>F\u00fcr Dr. Sahin geht es in der Zahnmedizin nicht nur um Eingriffe, sondern um ein intensives Erlebnis, bei dem Vertrauen, Pflege und Fachwissen zusammenkommen.<\/p><p>Er stellt nicht nur das L\u00e4cheln wieder her, sondern gibt jedem Patienten Selbstvertrauen und neue Lebensfreude.<\/p><p>Bei Dr. Do\u011fan Sahin geht es nicht nur darum, ein sch\u00f6nes L\u00e4cheln zu schaffen, sondern auch darum, Beziehungen zu f\u00f6rdern, Vertrauen zu schaffen und die lebensver\u00e4ndernde Kraft eines L\u00e4chelns zu erleben. Seine Hingabe und sein K\u00f6nnen, die sich in \u00fcber 10.000 erfolgreichen Implantatoperationen widerspiegeln, verk\u00f6rpern die transformative Essenz seiner Arbeit. <\/p><\/p><\/div>\t\t\t\t<\/div>\n\t\t\t\t<\/div>\n\t\t\t\t<\/div>\n\t\t<div class=\"elementor-element elementor-element-b09c60f e-con-full e-flex e-con e-child\" data-id=\"b09c60f\" data-element_type=\"container\">\n\t\t\t\t<div class=\"elementor-element elementor-element-23877db elementor-widget elementor-widget-pix-img\" data-id=\"23877db\" data-element_type=\"widget\" data-widget_type=\"pix-img.default\">\n\t\t\t\t<div class=\"elementor-widget-container\">\n\t\t\t\t\t<div id=\"el-23877db\" class=\"pix-img-element d-inline-block \" ><div class=\"pix-img-el     text-left d-inline-block  w-100 rounded-lg\"  ><img decoding=\"async\" width=\"1000\" height=\"1000\" src=\"https:\/\/aesthedental.com\/wp-content\/uploads\/2025\/02\/porcelain-veneers-1.jpg\" class=\"pix-img-elem rounded-lg\" alt=\"Image link\" srcset=\"https:\/\/aesthedental.com\/wp-content\/uploads\/2025\/02\/porcelain-veneers-1.jpg 1000w, https:\/\/aesthedental.com\/wp-content\/uploads\/2025\/02\/porcelain-veneers-1-300x300.jpg 300w, https:\/\/aesthedental.com\/wp-content\/uploads\/2025\/02\/porcelain-veneers-1-150x150.jpg 150w, https:\/\/aesthedental.com\/wp-content\/uploads\/2025\/02\/porcelain-veneers-1-768x768.jpg 768w, https:\/\/aesthedental.com\/wp-content\/uploads\/2025\/02\/porcelain-veneers-1-400x400.jpg 400w, https:\/\/aesthedental.com\/wp-content\/uploads\/2025\/02\/porcelain-veneers-1-75x75.jpg 75w, https:\/\/aesthedental.com\/wp-content\/uploads\/2025\/02\/porcelain-veneers-1-460x460.jpg 460w\" sizes=\"(max-width: 1000px) 100vw, 1000px\" \/><\/div><\/div>\t\t\t\t<\/div>\n\t\t\t\t<\/div>\n\t\t\t\t<\/div>\n\t\t\t\t\t<\/div>\n\t\t\t\t<\/div>\n\t\t\t\t<\/div>\n\t\t","protected":false},"excerpt":{"rendered":"<p>Do\u011fan \u015eahin Dr. Do\u011fan Sahin und AestheDental sind mehr als nur Zahn\u00e4rzte; sie sind ein wesentlicher Teil unserer Familie. Ihre unersch\u00fctterliche Unterst\u00fctzung und ihr Fachwissen haben uns durch zahllose Momente gef\u00fchrt und uns immer eine au\u00dfergew\u00f6hnliche Betreuung geboten, wenn wir&#8230;<\/p>\n","protected":false},"author":1,"featured_media":0,"parent":0,"menu_order":0,"comment_status":"closed","ping_status":"closed","template":"","meta":{"footnotes":""},"class_list":["post-6815","page","type-page","status-publish","hentry"],"_links":{"self":[{"href":"https:\/\/aesthedental.com\/de\/wp-json\/wp\/v2\/pages\/6815","targetHints":{"allow":["GET"]}}],"collection":[{"href":"https:\/\/aesthedental.com\/de\/wp-json\/wp\/v2\/pages"}],"about":[{"href":"https:\/\/aesthedental.com\/de\/wp-json\/wp\/v2\/types\/page"}],"author":[{"embeddable":true,"href":"https:\/\/aesthedental.com\/de\/wp-json\/wp\/v2\/users\/1"}],"replies":[{"embeddable":true,"href":"https:\/\/aesthedental.com\/de\/wp-json\/wp\/v2\/comments?post=6815"}],"version-history":[{"count":0,"href":"https:\/\/aesthedental.com\/de\/wp-json\/wp\/v2\/pages\/6815\/revisions"}],"wp:attachment":[{"href":"https:\/\/aesthedental.com\/de\/wp-json\/wp\/v2\/media?parent=6815"}],"curies":[{"name":"wp","href":"https:\/\/api.w.org\/{rel}","templated":true}]}}